{"id":6366,"date":"2020-04-26T11:14:37","date_gmt":"2020-04-26T09:14:37","guid":{"rendered":"https:\/\/linia-projektowanie.pl\/strona-glowna\/"},"modified":"2026-03-31T13:49:24","modified_gmt":"2026-03-31T11:49:24","slug":"strona-glowna","status":"publish","type":"page","link":"https:\/\/linia-projektowanie.pl\/de\/","title":{"rendered":"Strona g\u0142\u00f3wna"},"content":{"rendered":"","protected":false},"excerpt":{"rendered":"","protected":false},"author":2,"featured_media":0,"parent":0,"menu_order":0,"comment_status":"closed","ping_status":"closed","template":"page-home.php","meta":[],"acf":[],"yoast_head":"<!-- This site is optimized with the Yoast SEO plugin v19.14 - https:\/\/yoast.com\/wordpress\/plugins\/seo\/ -->\n<title>Projektowanie wn\u0119trz Szczecin, Warszawa | Linia Projektowanie<\/title>\n<meta name=\"description\" content=\"Linia Projektowanie specjalizuje si\u0119 w projektowaniu wn\u0119trz w Szczecinie i Warszawie, oferuj\u0105c kompleksowe us\u0142ugi dostosowane do potrzeb klienta. Sprawd\u017a! \ud83c\udfe0\" \/>\n<meta name=\"robots\" content=\"index, follow, max-snippet:-1, max-image-preview:large, max-video-preview:-1\" \/>\n<link rel=\"canonical\" href=\"https:\/\/linia-projektowanie.pl\/de\/\" \/>\n<meta property=\"og:locale\" content=\"de_DE\" \/>\n<meta property=\"og:type\" content=\"article\" \/>\n<meta property=\"og:title\" content=\"Projektowanie wn\u0119trz Szczecin, Warszawa | Linia Projektowanie\" \/>\n<meta property=\"og:description\" content=\"Linia Projektowanie specjalizuje si\u0119 w projektowaniu wn\u0119trz w Szczecinie i Warszawie, oferuj\u0105c kompleksowe us\u0142ugi dostosowane do potrzeb klienta. Sprawd\u017a! \ud83c\udfe0\" \/>\n<meta property=\"og:url\" content=\"https:\/\/linia-projektowanie.pl\/de\/\" \/>\n<meta property=\"og:site_name\" content=\"Linia projektowanie wn\u0119trz | projekty wn\u0119trz Warszawa, Szczecin\" \/>\n<meta property=\"article:publisher\" content=\"https:\/\/www.facebook.com\/LINIA.projektowanie\" \/>\n<meta property=\"article:modified_time\" content=\"2026-03-31T11:49:24+00:00\" \/>\n<meta name=\"twitter:card\" content=\"summary_large_image\" \/>\n<script type=\"application\/ld+json\" class=\"yoast-schema-graph\">{\"@context\":\"https:\/\/schema.org\",\"@graph\":[{\"@type\":\"WebPage\",\"@id\":\"https:\/\/linia-projektowanie.pl\/de\/\",\"url\":\"https:\/\/linia-projektowanie.pl\/de\/\",\"name\":\"Projektowanie wn\u0119trz Szczecin, Warszawa | Linia Projektowanie\",\"isPartOf\":{\"@id\":\"https:\/\/linia-projektowanie.pl\/de\/#website\"},\"datePublished\":\"2020-04-26T09:14:37+00:00\",\"dateModified\":\"2026-03-31T11:49:24+00:00\",\"description\":\"Linia Projektowanie specjalizuje si\u0119 w projektowaniu wn\u0119trz w Szczecinie i Warszawie, oferuj\u0105c kompleksowe us\u0142ugi dostosowane do potrzeb klienta. Sprawd\u017a! \ud83c\udfe0\",\"breadcrumb\":{\"@id\":\"https:\/\/linia-projektowanie.pl\/de\/#breadcrumb\"},\"inLanguage\":\"de\",\"potentialAction\":[{\"@type\":\"ReadAction\",\"target\":[\"https:\/\/linia-projektowanie.pl\/de\/\"]}]},{\"@type\":\"BreadcrumbList\",\"@id\":\"https:\/\/linia-projektowanie.pl\/de\/#breadcrumb\",\"itemListElement\":[{\"@type\":\"ListItem\",\"position\":1,\"name\":\"Strona g\u0142\u00f3wna\",\"item\":\"https:\/\/linia-projektowanie.pl\/de\/\"},{\"@type\":\"ListItem\",\"position\":2,\"name\":\"Strona g\u0142\u00f3wna\"}]},{\"@type\":\"WebSite\",\"@id\":\"https:\/\/linia-projektowanie.pl\/de\/#website\",\"url\":\"https:\/\/linia-projektowanie.pl\/de\/\",\"name\":\"Linia projektowanie wn\u0119trz | projekty wn\u0119trz Warszawa, Szczecin\",\"description\":\"Zaprojektujemy i zrealizujemy wn\u0119trza pod klucz\",\"publisher\":{\"@id\":\"https:\/\/linia-projektowanie.pl\/de\/#organization\"},\"potentialAction\":[{\"@type\":\"SearchAction\",\"target\":{\"@type\":\"EntryPoint\",\"urlTemplate\":\"https:\/\/linia-projektowanie.pl\/de\/?s={search_term_string}\"},\"query-input\":\"required name=search_term_string\"}],\"inLanguage\":\"de\"},{\"@type\":\"Organization\",\"@id\":\"https:\/\/linia-projektowanie.pl\/de\/#organization\",\"name\":\"LInia Projektowanie Wn\u0119trz\",\"url\":\"https:\/\/linia-projektowanie.pl\/de\/\",\"logo\":{\"@type\":\"ImageObject\",\"inLanguage\":\"de\",\"@id\":\"https:\/\/linia-projektowanie.pl\/de\/#\/schema\/logo\/image\/\",\"url\":\"https:\/\/linia-projektowanie.pl\/wp-content\/uploads\/2022\/03\/linia-czarne-bez_tla-1920x1920.png\",\"contentUrl\":\"https:\/\/linia-projektowanie.pl\/wp-content\/uploads\/2022\/03\/linia-czarne-bez_tla-1920x1920.png\",\"width\":2000,\"height\":2000,\"caption\":\"LInia Projektowanie Wn\u0119trz\"},\"image\":{\"@id\":\"https:\/\/linia-projektowanie.pl\/de\/#\/schema\/logo\/image\/\"},\"sameAs\":[\"https:\/\/www.facebook.com\/LINIA.projektowanie\"]}]}<\/script>\n<!-- \/ Yoast SEO plugin. -->","yoast_head_json":{"title":"Projektowanie wn\u0119trz Szczecin, Warszawa | Linia Projektowanie","description":"Linia Projektowanie specjalizuje si\u0119 w projektowaniu wn\u0119trz w Szczecinie i Warszawie, oferuj\u0105c kompleksowe us\u0142ugi dostosowane do potrzeb klienta. Sprawd\u017a! \ud83c\udfe0","robots":{"index":"index","follow":"follow","max-snippet":"max-snippet:-1","max-image-preview":"max-image-preview:large","max-video-preview":"max-video-preview:-1"},"canonical":"https:\/\/linia-projektowanie.pl\/de\/","og_locale":"de_DE","og_type":"article","og_title":"Projektowanie wn\u0119trz Szczecin, Warszawa | Linia Projektowanie","og_description":"Linia Projektowanie specjalizuje si\u0119 w projektowaniu wn\u0119trz w Szczecinie i Warszawie, oferuj\u0105c kompleksowe us\u0142ugi dostosowane do potrzeb klienta. Sprawd\u017a! \ud83c\udfe0","og_url":"https:\/\/linia-projektowanie.pl\/de\/","og_site_name":"Linia projektowanie wn\u0119trz | projekty wn\u0119trz Warszawa, Szczecin","article_publisher":"https:\/\/www.facebook.com\/LINIA.projektowanie","article_modified_time":"2026-03-31T11:49:24+00:00","twitter_card":"summary_large_image","schema":{"@context":"https:\/\/schema.org","@graph":[{"@type":"WebPage","@id":"https:\/\/linia-projektowanie.pl\/de\/","url":"https:\/\/linia-projektowanie.pl\/de\/","name":"Projektowanie wn\u0119trz Szczecin, Warszawa | Linia Projektowanie","isPartOf":{"@id":"https:\/\/linia-projektowanie.pl\/de\/#website"},"datePublished":"2020-04-26T09:14:37+00:00","dateModified":"2026-03-31T11:49:24+00:00","description":"Linia Projektowanie specjalizuje si\u0119 w projektowaniu wn\u0119trz w Szczecinie i Warszawie, oferuj\u0105c kompleksowe us\u0142ugi dostosowane do potrzeb klienta. Sprawd\u017a! \ud83c\udfe0","breadcrumb":{"@id":"https:\/\/linia-projektowanie.pl\/de\/#breadcrumb"},"inLanguage":"de","potentialAction":[{"@type":"ReadAction","target":["https:\/\/linia-projektowanie.pl\/de\/"]}]},{"@type":"BreadcrumbList","@id":"https:\/\/linia-projektowanie.pl\/de\/#breadcrumb","itemListElement":[{"@type":"ListItem","position":1,"name":"Strona g\u0142\u00f3wna","item":"https:\/\/linia-projektowanie.pl\/de\/"},{"@type":"ListItem","position":2,"name":"Strona g\u0142\u00f3wna"}]},{"@type":"WebSite","@id":"https:\/\/linia-projektowanie.pl\/de\/#website","url":"https:\/\/linia-projektowanie.pl\/de\/","name":"Linia projektowanie wn\u0119trz | projekty wn\u0119trz Warszawa, Szczecin","description":"Zaprojektujemy i zrealizujemy wn\u0119trza pod klucz","publisher":{"@id":"https:\/\/linia-projektowanie.pl\/de\/#organization"},"potentialAction":[{"@type":"SearchAction","target":{"@type":"EntryPoint","urlTemplate":"https:\/\/linia-projektowanie.pl\/de\/?s={search_term_string}"},"query-input":"required name=search_term_string"}],"inLanguage":"de"},{"@type":"Organization","@id":"https:\/\/linia-projektowanie.pl\/de\/#organization","name":"LInia Projektowanie Wn\u0119trz","url":"https:\/\/linia-projektowanie.pl\/de\/","logo":{"@type":"ImageObject","inLanguage":"de","@id":"https:\/\/linia-projektowanie.pl\/de\/#\/schema\/logo\/image\/","url":"https:\/\/linia-projektowanie.pl\/wp-content\/uploads\/2022\/03\/linia-czarne-bez_tla-1920x1920.png","contentUrl":"https:\/\/linia-projektowanie.pl\/wp-content\/uploads\/2022\/03\/linia-czarne-bez_tla-1920x1920.png","width":2000,"height":2000,"caption":"LInia Projektowanie Wn\u0119trz"},"image":{"@id":"https:\/\/linia-projektowanie.pl\/de\/#\/schema\/logo\/image\/"},"sameAs":["https:\/\/www.facebook.com\/LINIA.projektowanie"]}]}},"_links":{"self":[{"href":"https:\/\/linia-projektowanie.pl\/de\/wp-json\/wp\/v2\/pages\/6366"}],"collection":[{"href":"https:\/\/linia-projektowanie.pl\/de\/wp-json\/wp\/v2\/pages"}],"about":[{"href":"https:\/\/linia-projektowanie.pl\/de\/wp-json\/wp\/v2\/types\/page"}],"author":[{"embeddable":true,"href":"https:\/\/linia-projektowanie.pl\/de\/wp-json\/wp\/v2\/users\/2"}],"replies":[{"embeddable":true,"href":"https:\/\/linia-projektowanie.pl\/de\/wp-json\/wp\/v2\/comments?post=6366"}],"version-history":[{"count":32,"href":"https:\/\/linia-projektowanie.pl\/de\/wp-json\/wp\/v2\/pages\/6366\/revisions"}],"predecessor-version":[{"id":21149,"href":"https:\/\/linia-projektowanie.pl\/de\/wp-json\/wp\/v2\/pages\/6366\/revisions\/21149"}],"wp:attachment":[{"href":"https:\/\/linia-projektowanie.pl\/de\/wp-json\/wp\/v2\/media?parent=6366"}],"curies":[{"name":"wp","href":"https:\/\/api.w.org\/{rel}","templated":true}]}}