{"id":14271,"date":"2020-05-09T17:08:30","date_gmt":"2020-05-09T15:08:30","guid":{"rendered":"https:\/\/linia-projektowanie.pl\/proces-projektowy\/"},"modified":"2023-12-27T22:53:25","modified_gmt":"2023-12-27T21:53:25","slug":"design-process","status":"publish","type":"page","link":"https:\/\/linia-projektowanie.pl\/en\/design-process\/","title":{"rendered":"Design process"},"content":{"rendered":"","protected":false},"excerpt":{"rendered":"","protected":false},"author":2,"featured_media":6519,"parent":0,"menu_order":0,"comment_status":"closed","ping_status":"closed","template":"page-process.php","meta":[],"acf":[],"yoast_head":"<!-- This site is optimized with the Yoast SEO plugin v19.14 - https:\/\/yoast.com\/wordpress\/plugins\/seo\/ -->\n<title>Design process - Linia projektowanie wn\u0119trz | projekty wn\u0119trz Warszawa, Szczecin<\/title>\n<meta name=\"robots\" content=\"index, follow, max-snippet:-1, max-image-preview:large, max-video-preview:-1\" \/>\n<link rel=\"canonical\" href=\"https:\/\/linia-projektowanie.pl\/en\/design-process\/\" \/>\n<meta property=\"og:locale\" content=\"en_US\" \/>\n<meta property=\"og:type\" content=\"article\" \/>\n<meta property=\"og:title\" content=\"Design process - Linia projektowanie wn\u0119trz | projekty wn\u0119trz Warszawa, Szczecin\" \/>\n<meta property=\"og:url\" content=\"https:\/\/linia-projektowanie.pl\/en\/design-process\/\" \/>\n<meta property=\"og:site_name\" content=\"Linia projektowanie wn\u0119trz | projekty wn\u0119trz Warszawa, Szczecin\" \/>\n<meta property=\"article:publisher\" content=\"https:\/\/www.facebook.com\/LINIA.projektowanie\" \/>\n<meta property=\"article:modified_time\" content=\"2023-12-27T21:53:25+00:00\" \/>\n<meta property=\"og:image\" content=\"https:\/\/linia-projektowanie.pl\/wp-content\/uploads\/2020\/06\/large-wizualki-1.png\" \/>\n\t<meta property=\"og:image:width\" content=\"1000\" \/>\n\t<meta property=\"og:image:height\" content=\"709\" \/>\n\t<meta property=\"og:image:type\" content=\"image\/png\" \/>\n<meta name=\"twitter:card\" content=\"summary_large_image\" \/>\n<script type=\"application\/ld+json\" class=\"yoast-schema-graph\">{\"@context\":\"https:\/\/schema.org\",\"@graph\":[{\"@type\":\"WebPage\",\"@id\":\"https:\/\/linia-projektowanie.pl\/en\/design-process\/\",\"url\":\"https:\/\/linia-projektowanie.pl\/en\/design-process\/\",\"name\":\"Design process - Linia projektowanie wn\u0119trz | projekty wn\u0119trz Warszawa, Szczecin\",\"isPartOf\":{\"@id\":\"https:\/\/linia-projektowanie.pl\/en\/#website\"},\"datePublished\":\"2020-05-09T15:08:30+00:00\",\"dateModified\":\"2023-12-27T21:53:25+00:00\",\"breadcrumb\":{\"@id\":\"https:\/\/linia-projektowanie.pl\/en\/design-process\/#breadcrumb\"},\"inLanguage\":\"en-US\",\"potentialAction\":[{\"@type\":\"ReadAction\",\"target\":[\"https:\/\/linia-projektowanie.pl\/en\/design-process\/\"]}]},{\"@type\":\"BreadcrumbList\",\"@id\":\"https:\/\/linia-projektowanie.pl\/en\/design-process\/#breadcrumb\",\"itemListElement\":[{\"@type\":\"ListItem\",\"position\":1,\"name\":\"Strona g\u0142\u00f3wna\",\"item\":\"https:\/\/linia-projektowanie.pl\/en\/\"},{\"@type\":\"ListItem\",\"position\":2,\"name\":\"Design process\"}]},{\"@type\":\"WebSite\",\"@id\":\"https:\/\/linia-projektowanie.pl\/en\/#website\",\"url\":\"https:\/\/linia-projektowanie.pl\/en\/\",\"name\":\"Linia projektowanie wn\u0119trz | projekty wn\u0119trz Warszawa, Szczecin\",\"description\":\"Zaprojektujemy i zrealizujemy wn\u0119trza pod klucz\",\"publisher\":{\"@id\":\"https:\/\/linia-projektowanie.pl\/en\/#organization\"},\"potentialAction\":[{\"@type\":\"SearchAction\",\"target\":{\"@type\":\"EntryPoint\",\"urlTemplate\":\"https:\/\/linia-projektowanie.pl\/en\/?s={search_term_string}\"},\"query-input\":\"required name=search_term_string\"}],\"inLanguage\":\"en-US\"},{\"@type\":\"Organization\",\"@id\":\"https:\/\/linia-projektowanie.pl\/en\/#organization\",\"name\":\"LInia Projektowanie Wn\u0119trz\",\"url\":\"https:\/\/linia-projektowanie.pl\/en\/\",\"logo\":{\"@type\":\"ImageObject\",\"inLanguage\":\"en-US\",\"@id\":\"https:\/\/linia-projektowanie.pl\/en\/#\/schema\/logo\/image\/\",\"url\":\"https:\/\/linia-projektowanie.pl\/wp-content\/uploads\/2022\/03\/linia-czarne-bez_tla-1920x1920.png\",\"contentUrl\":\"https:\/\/linia-projektowanie.pl\/wp-content\/uploads\/2022\/03\/linia-czarne-bez_tla-1920x1920.png\",\"width\":2000,\"height\":2000,\"caption\":\"LInia Projektowanie Wn\u0119trz\"},\"image\":{\"@id\":\"https:\/\/linia-projektowanie.pl\/en\/#\/schema\/logo\/image\/\"},\"sameAs\":[\"https:\/\/www.facebook.com\/LINIA.projektowanie\"]}]}<\/script>\n<!-- \/ Yoast SEO plugin. -->","yoast_head_json":{"title":"Design process - Linia projektowanie wn\u0119trz | projekty wn\u0119trz Warszawa, Szczecin","robots":{"index":"index","follow":"follow","max-snippet":"max-snippet:-1","max-image-preview":"max-image-preview:large","max-video-preview":"max-video-preview:-1"},"canonical":"https:\/\/linia-projektowanie.pl\/en\/design-process\/","og_locale":"en_US","og_type":"article","og_title":"Design process - Linia projektowanie wn\u0119trz | projekty wn\u0119trz Warszawa, Szczecin","og_url":"https:\/\/linia-projektowanie.pl\/en\/design-process\/","og_site_name":"Linia projektowanie wn\u0119trz | projekty wn\u0119trz Warszawa, Szczecin","article_publisher":"https:\/\/www.facebook.com\/LINIA.projektowanie","article_modified_time":"2023-12-27T21:53:25+00:00","og_image":[{"width":1000,"height":709,"url":"https:\/\/linia-projektowanie.pl\/wp-content\/uploads\/2020\/06\/large-wizualki-1.png","type":"image\/png"}],"twitter_card":"summary_large_image","schema":{"@context":"https:\/\/schema.org","@graph":[{"@type":"WebPage","@id":"https:\/\/linia-projektowanie.pl\/en\/design-process\/","url":"https:\/\/linia-projektowanie.pl\/en\/design-process\/","name":"Design process - Linia projektowanie wn\u0119trz | projekty wn\u0119trz Warszawa, Szczecin","isPartOf":{"@id":"https:\/\/linia-projektowanie.pl\/en\/#website"},"datePublished":"2020-05-09T15:08:30+00:00","dateModified":"2023-12-27T21:53:25+00:00","breadcrumb":{"@id":"https:\/\/linia-projektowanie.pl\/en\/design-process\/#breadcrumb"},"inLanguage":"en-US","potentialAction":[{"@type":"ReadAction","target":["https:\/\/linia-projektowanie.pl\/en\/design-process\/"]}]},{"@type":"BreadcrumbList","@id":"https:\/\/linia-projektowanie.pl\/en\/design-process\/#breadcrumb","itemListElement":[{"@type":"ListItem","position":1,"name":"Strona g\u0142\u00f3wna","item":"https:\/\/linia-projektowanie.pl\/en\/"},{"@type":"ListItem","position":2,"name":"Design process"}]},{"@type":"WebSite","@id":"https:\/\/linia-projektowanie.pl\/en\/#website","url":"https:\/\/linia-projektowanie.pl\/en\/","name":"Linia projektowanie wn\u0119trz | projekty wn\u0119trz Warszawa, Szczecin","description":"Zaprojektujemy i zrealizujemy wn\u0119trza pod klucz","publisher":{"@id":"https:\/\/linia-projektowanie.pl\/en\/#organization"},"potentialAction":[{"@type":"SearchAction","target":{"@type":"EntryPoint","urlTemplate":"https:\/\/linia-projektowanie.pl\/en\/?s={search_term_string}"},"query-input":"required name=search_term_string"}],"inLanguage":"en-US"},{"@type":"Organization","@id":"https:\/\/linia-projektowanie.pl\/en\/#organization","name":"LInia Projektowanie Wn\u0119trz","url":"https:\/\/linia-projektowanie.pl\/en\/","logo":{"@type":"ImageObject","inLanguage":"en-US","@id":"https:\/\/linia-projektowanie.pl\/en\/#\/schema\/logo\/image\/","url":"https:\/\/linia-projektowanie.pl\/wp-content\/uploads\/2022\/03\/linia-czarne-bez_tla-1920x1920.png","contentUrl":"https:\/\/linia-projektowanie.pl\/wp-content\/uploads\/2022\/03\/linia-czarne-bez_tla-1920x1920.png","width":2000,"height":2000,"caption":"LInia Projektowanie Wn\u0119trz"},"image":{"@id":"https:\/\/linia-projektowanie.pl\/en\/#\/schema\/logo\/image\/"},"sameAs":["https:\/\/www.facebook.com\/LINIA.projektowanie"]}]}},"_links":{"self":[{"href":"https:\/\/linia-projektowanie.pl\/en\/wp-json\/wp\/v2\/pages\/14271"}],"collection":[{"href":"https:\/\/linia-projektowanie.pl\/en\/wp-json\/wp\/v2\/pages"}],"about":[{"href":"https:\/\/linia-projektowanie.pl\/en\/wp-json\/wp\/v2\/types\/page"}],"author":[{"embeddable":true,"href":"https:\/\/linia-projektowanie.pl\/en\/wp-json\/wp\/v2\/users\/2"}],"replies":[{"embeddable":true,"href":"https:\/\/linia-projektowanie.pl\/en\/wp-json\/wp\/v2\/comments?post=14271"}],"version-history":[{"count":4,"href":"https:\/\/linia-projektowanie.pl\/en\/wp-json\/wp\/v2\/pages\/14271\/revisions"}],"predecessor-version":[{"id":14276,"href":"https:\/\/linia-projektowanie.pl\/en\/wp-json\/wp\/v2\/pages\/14271\/revisions\/14276"}],"wp:featuredmedia":[{"embeddable":true,"href":"https:\/\/linia-projektowanie.pl\/en\/wp-json\/wp\/v2\/media\/6519"}],"wp:attachment":[{"href":"https:\/\/linia-projektowanie.pl\/en\/wp-json\/wp\/v2\/media?parent=14271"}],"curies":[{"name":"wp","href":"https:\/\/api.w.org\/{rel}","templated":true}]}}